{"id":20,"date":"2025-08-13T20:45:25","date_gmt":"2025-08-13T20:45:25","guid":{"rendered":"https:\/\/ekho.leafwiselabs.com\/?page_id=20"},"modified":"2025-08-13T22:39:29","modified_gmt":"2025-08-13T22:39:29","slug":"home","status":"publish","type":"page","link":"https:\/\/ekho.leafwiselabs.com\/","title":{"rendered":"Home"},"content":{"rendered":"\t\t<div data-elementor-type=\"wp-page\" data-elementor-id=\"20\" class=\"elementor elementor-20\" data-elementor-post-type=\"page\">\n\t\t\t\t<div class=\"elementor-element elementor-element-2f7b8140 e-con-full e-flex e-con e-parent\" data-id=\"2f7b8140\" data-element_type=\"container\">\n\t\t\t\t<div class=\"elementor-element elementor-element-15f0536 elementor-widget elementor-widget-heading\" data-id=\"15f0536\" data-element_type=\"widget\" data-widget_type=\"heading.default\">\n\t\t\t\t\t<h1 class=\"elementor-heading-title elementor-size-default\">Construimos tu pr\u00f3ximo hogar con lujo, dise\u00f1o y responsabilidad ambiental.<\/h1>\t\t\t\t<\/div>\n\t\t<div class=\"elementor-element elementor-element-841f0f3 e-con-full e-flex e-con e-child\" data-id=\"841f0f3\" data-element_type=\"container\" data-settings=\"{&quot;background_background&quot;:&quot;classic&quot;}\">\n\t\t\t\t<\/div>\n\t\t\t\t<div class=\"elementor-element elementor-element-28516214 elementor-absolute elementor-view-default elementor-widget elementor-widget-icon\" data-id=\"28516214\" data-element_type=\"widget\" data-settings=\"{&quot;_position&quot;:&quot;absolute&quot;}\" data-widget_type=\"icon.default\">\n\t\t\t\t\t\t\t<div class=\"elementor-icon-wrapper\">\n\t\t\t<div class=\"elementor-icon\">\n\t\t\t<svg xmlns=\"http:\/\/www.w3.org\/2000\/svg\" width=\"806\" height=\"450\" viewBox=\"0 0 806 450\" fill=\"none\"><path id=\"Rectangle 11\" d=\"M0 0L805.5 450H0V0Z\" fill=\"currentColor\"><\/path><\/svg>\t\t\t<\/div>\n\t\t<\/div>\n\t\t\t\t\t\t<\/div>\n\t\t\t\t<div class=\"elementor-element elementor-element-73ddf287 elementor-absolute elementor-widget elementor-widget-heading\" data-id=\"73ddf287\" data-element_type=\"widget\" data-settings=\"{&quot;_position&quot;:&quot;absolute&quot;}\" data-widget_type=\"heading.default\">\n\t\t\t\t\t<h2 class=\"elementor-heading-title elementor-size-default\">Empresa 73<\/h2>\t\t\t\t<\/div>\n\t\t\t\t<\/div>\n\t\t<div class=\"elementor-element elementor-element-1c08203e e-con-full e-flex e-con e-parent\" data-id=\"1c08203e\" data-element_type=\"container\">\n\t\t<div class=\"elementor-element elementor-element-596f98ce e-con-full elementor-hidden-tablet elementor-hidden-mobile e-flex e-con e-child\" data-id=\"596f98ce\" data-element_type=\"container\">\n\t\t\t\t<div class=\"elementor-element elementor-element-25dc152c e-transform elementor-widget elementor-widget-image\" data-id=\"25dc152c\" data-element_type=\"widget\" data-settings=\"{&quot;_transform_flipX_effect&quot;:&quot;transform&quot;}\" data-widget_type=\"image.default\">\n\t\t\t\t\t\t\t\t\t\t\t\t\t\t\t<img fetchpriority=\"high\" decoding=\"async\" width=\"800\" height=\"471\" src=\"https:\/\/ekho.leafwiselabs.com\/wp-content\/uploads\/2025\/08\/empresa73_2-1024x603.jpg\" class=\"attachment-large size-large wp-image-76\" alt=\"\" srcset=\"https:\/\/ekho.leafwiselabs.com\/wp-content\/uploads\/2025\/08\/empresa73_2-1024x603.jpg 1024w, https:\/\/ekho.leafwiselabs.com\/wp-content\/uploads\/2025\/08\/empresa73_2-300x177.jpg 300w, https:\/\/ekho.leafwiselabs.com\/wp-content\/uploads\/2025\/08\/empresa73_2-768x452.jpg 768w, https:\/\/ekho.leafwiselabs.com\/wp-content\/uploads\/2025\/08\/empresa73_2-1536x905.jpg 1536w, https:\/\/ekho.leafwiselabs.com\/wp-content\/uploads\/2025\/08\/empresa73_2-2048x1206.jpg 2048w\" sizes=\"(max-width: 800px) 100vw, 800px\" \/>\t\t\t\t\t\t\t\t\t\t\t\t\t\t\t<\/div>\n\t\t\t\t<\/div>\n\t\t<div class=\"elementor-element elementor-element-88ea4d0 e-con-full e-flex e-con e-child\" data-id=\"88ea4d0\" data-element_type=\"container\">\n\t\t\t\t<div class=\"elementor-element elementor-element-2b3ceec4 e-transform elementor-widget elementor-widget-image\" data-id=\"2b3ceec4\" data-element_type=\"widget\" data-settings=\"{&quot;_transform_flipX_effect&quot;:&quot;transform&quot;}\" data-widget_type=\"image.default\">\n\t\t\t\t\t\t\t\t\t\t\t\t\t\t\t<img decoding=\"async\" width=\"800\" height=\"471\" src=\"https:\/\/ekho.leafwiselabs.com\/wp-content\/uploads\/2025\/08\/empresa73_5-1024x603.jpg\" class=\"attachment-large size-large wp-image-77\" alt=\"\" srcset=\"https:\/\/ekho.leafwiselabs.com\/wp-content\/uploads\/2025\/08\/empresa73_5-1024x603.jpg 1024w, https:\/\/ekho.leafwiselabs.com\/wp-content\/uploads\/2025\/08\/empresa73_5-300x177.jpg 300w, https:\/\/ekho.leafwiselabs.com\/wp-content\/uploads\/2025\/08\/empresa73_5-768x452.jpg 768w, https:\/\/ekho.leafwiselabs.com\/wp-content\/uploads\/2025\/08\/empresa73_5-1536x905.jpg 1536w, https:\/\/ekho.leafwiselabs.com\/wp-content\/uploads\/2025\/08\/empresa73_5-2048x1206.jpg 2048w\" sizes=\"(max-width: 800px) 100vw, 800px\" \/>\t\t\t\t\t\t\t\t\t\t\t\t\t\t\t<\/div>\n\t\t\t\t<\/div>\n\t\t<div class=\"elementor-element elementor-element-7382cb3c e-con-full e-flex e-con e-child\" data-id=\"7382cb3c\" data-element_type=\"container\">\n\t\t\t\t<div class=\"elementor-element elementor-element-57cbd54f elementor-widget elementor-widget-text-editor\" data-id=\"57cbd54f\" data-element_type=\"widget\" data-widget_type=\"text-editor.default\">\n\t\t\t\t\t\t\t\t\t<p>En <b>EKHO<\/b> transformamos espacios en experiencias de alto valor. Desde desarrollos nuevos hasta remodelaciones personalizadas, cada proyecto se dise\u00f1a para maximizar el confort, la est\u00e9tica y la inversi\u00f3n.<\/p>\t\t\t\t\t\t\t\t<\/div>\n\t\t\t\t<div class=\"elementor-element elementor-element-8a0efb5 elementor-widget elementor-widget-button\" data-id=\"8a0efb5\" data-element_type=\"widget\" data-widget_type=\"button.default\">\n\t\t\t\t\t\t\t\t\t\t<a class=\"elementor-button elementor-button-link elementor-size-sm\" href=\"#\">\n\t\t\t\t\t\t<span class=\"elementor-button-content-wrapper\">\n\t\t\t\t\t\t\t\t\t<span class=\"elementor-button-text\">Descubre m\u00e1s<\/span>\n\t\t\t\t\t<\/span>\n\t\t\t\t\t<\/a>\n\t\t\t\t\t\t\t\t<\/div>\n\t\t\t\t<\/div>\n\t\t\t\t<\/div>\n\t\t<div class=\"elementor-element elementor-element-1a64d042 e-con-full e-flex e-con e-parent\" data-id=\"1a64d042\" data-element_type=\"container\">\n\t\t\t\t<div class=\"elementor-element elementor-element-1593ba4a elementor-widget__width-initial elementor-widget elementor-widget-heading\" data-id=\"1593ba4a\" data-element_type=\"widget\" data-widget_type=\"heading.default\">\n\t\t\t\t\t<h3 class=\"elementor-heading-title elementor-size-default\">Invierte o vive en un espacio creado para trascender<\/h3>\t\t\t\t<\/div>\n\t\t\t\t<div class=\"elementor-element elementor-element-7846b0a9 elementor-widget__width-initial elementor-widget elementor-widget-text-editor\" data-id=\"7846b0a9\" data-element_type=\"widget\" data-widget_type=\"text-editor.default\">\n\t\t\t\t\t\t\t\t\t<p>En <strong>EKHO<\/strong> construimos m\u00e1s que inmuebles: creamos patrimonio con prop\u00f3sito.<\/p>\t\t\t\t\t\t\t\t<\/div>\n\t\t\t\t<\/div>\n\t\t<div class=\"elementor-element elementor-element-93d53e e-con-full e-grid e-con e-parent\" data-id=\"93d53e\" data-element_type=\"container\">\n\t\t\t\t<div class=\"elementor-element elementor-element-2bd9628e elementor-widget elementor-widget-cta\" data-id=\"2bd9628e\" data-element_type=\"widget\" data-settings=\"{&quot;primary_button_shape&quot;:&quot;custom&quot;,&quot;layout_preset&quot;:&quot;focus&quot;,&quot;cta_vertical_position&quot;:&quot;start&quot;,&quot;box_shape&quot;:&quot;sharp&quot;}\" data-widget_type=\"cta.default\">\n\t\t\t\t<div class=\"elementor-widget-container\">\n\t\t\t\t\t\t\t<div class=\"has-shape-sharp shape-type-box ehp-cta has-preset-focus\">\n\t\t\t<div class=\"ehp-cta__overlay\"><\/div>\n\t\t\t<div class=\"ehp-cta__elements-container\">\n\t\t\t\t\t\t<div class=\"ehp-cta__text-container\">\n\t\t\t<h4 class=\"ehp-cta__heading\">Inversionista<\/h4><p class=\"ehp-cta__description\">Oportunidades con alta rentabilidad y plusval\u00eda garantizada.<\/p>\t\t<\/div>\n\t\t\t\t\t<div class=\"ehp-cta__ctas-container\">\n\t\t\t\t<div class=\"ehp-cta__buttons-wrapper\">\n\t\t\t\t\t\t\t<a class=\"has-shape-custom shape-type-button ehp-button ehp-button--primary ehp-cta__button ehp-cta__button--primary is-type-button has-border\" href=\"#\">\n\t\t\t\t\t<span class=\"ehp-button__text ehp-cta__button-text ehp-cta__button-text--primary\">\n\t\t\tConoce m\u00e1s\t\t\t\t<\/a>\n\t\t\t\t\t\t\t\t\t\t\t<\/div>\n\t\t\t<\/div>\n\t\t\t\t\t<\/div>\n\t\t<\/div>\n\t\t\t\t\t\t<\/div>\n\t\t\t\t<\/div>\n\t\t\t\t<div class=\"elementor-element elementor-element-72f578c6 elementor-widget elementor-widget-cta\" data-id=\"72f578c6\" data-element_type=\"widget\" data-settings=\"{&quot;primary_button_shape&quot;:&quot;custom&quot;,&quot;layout_preset&quot;:&quot;focus&quot;,&quot;cta_vertical_position&quot;:&quot;start&quot;,&quot;box_shape&quot;:&quot;sharp&quot;}\" data-widget_type=\"cta.default\">\n\t\t\t\t<div class=\"elementor-widget-container\">\n\t\t\t\t\t\t\t<div class=\"has-shape-sharp shape-type-box ehp-cta has-preset-focus\">\n\t\t\t<div class=\"ehp-cta__overlay\"><\/div>\n\t\t\t<div class=\"ehp-cta__elements-container\">\n\t\t\t\t\t\t<div class=\"ehp-cta__text-container\">\n\t\t\t<h4 class=\"ehp-cta__heading\">Propietario<\/h4><p class=\"ehp-cta__description\">Un hogar con acabados premium, eficiencia energ\u00e9tica y dise\u00f1o personalizado.<\/p>\t\t<\/div>\n\t\t\t\t\t<div class=\"ehp-cta__ctas-container\">\n\t\t\t\t<div class=\"ehp-cta__buttons-wrapper\">\n\t\t\t\t\t\t\t<a class=\"has-shape-custom shape-type-button ehp-button ehp-button--primary ehp-cta__button ehp-cta__button--primary is-type-button has-border\" href=\"#\">\n\t\t\t\t\t<span class=\"ehp-button__text ehp-cta__button-text ehp-cta__button-text--primary\">\n\t\t\tConoce m\u00e1s\t\t\t\t<\/a>\n\t\t\t\t\t\t\t\t\t\t\t<\/div>\n\t\t\t<\/div>\n\t\t\t\t\t<\/div>\n\t\t<\/div>\n\t\t\t\t\t\t<\/div>\n\t\t\t\t<\/div>\n\t\t\t\t<\/div>\n\t\t<div class=\"elementor-element elementor-element-20cd88c8 e-con-full e-flex e-con e-parent\" data-id=\"20cd88c8\" data-element_type=\"container\" data-settings=\"{&quot;background_background&quot;:&quot;classic&quot;}\">\n\t\t\t\t<\/div>\n\t\t<div class=\"elementor-element elementor-element-1be70a5f e-con-full e-flex e-con e-parent\" data-id=\"1be70a5f\" data-element_type=\"container\">\n\t\t<div class=\"elementor-element elementor-element-2726d7c5 e-con-full e-flex e-con e-child\" data-id=\"2726d7c5\" data-element_type=\"container\">\n\t\t\t\t<div class=\"elementor-element elementor-element-a4e2f49 elementor-widget__width-initial elementor-widget elementor-widget-heading\" data-id=\"a4e2f49\" data-element_type=\"widget\" data-widget_type=\"heading.default\">\n\t\t\t\t\t<h3 class=\"elementor-heading-title elementor-size-default\">El equilibrio perfecto entre dise\u00f1o y funcionalidad<\/h3>\t\t\t\t<\/div>\n\t\t\t\t<\/div>\n\t\t<div class=\"elementor-element elementor-element-7ca32724 e-con-full e-flex e-con e-child\" data-id=\"7ca32724\" data-element_type=\"container\">\n\t\t\t\t<div class=\"elementor-element elementor-element-26b2a1cb elementor-widget elementor-widget-text-editor\" data-id=\"26b2a1cb\" data-element_type=\"widget\" data-widget_type=\"text-editor.default\">\n\t\t\t\t\t\t\t\t\t<p>Dise\u00f1amos para quienes buscan una vida con estilo, eficiencia y un impacto positivo en el entorno.<\/p>\t\t\t\t\t\t\t\t<\/div>\n\t\t\t\t<\/div>\n\t\t\t\t<\/div>\n\t\t<div class=\"elementor-element elementor-element-1aa5769d e-con-full e-flex e-con e-parent\" data-id=\"1aa5769d\" data-element_type=\"container\">\n\t\t<div class=\"elementor-element elementor-element-c86d272 e-con-full e-flex e-con e-child\" data-id=\"c86d272\" data-element_type=\"container\" data-settings=\"{&quot;background_background&quot;:&quot;classic&quot;}\">\n\t\t\t\t<\/div>\n\t\t<div class=\"elementor-element elementor-element-2e62a386 e-con-full e-flex e-con e-child\" data-id=\"2e62a386\" data-element_type=\"container\">\n\t\t\t\t<div class=\"elementor-element elementor-element-70604b2d elementor-align-left elementor-icon-list--layout-traditional elementor-list-item-link-full_width elementor-widget elementor-widget-icon-list\" data-id=\"70604b2d\" data-element_type=\"widget\" data-widget_type=\"icon-list.default\">\n\t\t\t\t\t\t\t<ul class=\"elementor-icon-list-items\">\n\t\t\t\t\t\t\t<li class=\"elementor-icon-list-item\">\n\t\t\t\t\t\t\t\t\t\t\t<span class=\"elementor-icon-list-icon\">\n\t\t\t\t\t\t\t<svg aria-hidden=\"true\" class=\"e-font-icon-svg e-fas-circle\" viewBox=\"0 0 512 512\" xmlns=\"http:\/\/www.w3.org\/2000\/svg\"><path d=\"M256 8C119 8 8 119 8 256s111 248 248 248 248-111 248-248S393 8 256 8z\"><\/path><\/svg>\t\t\t\t\t\t<\/span>\n\t\t\t\t\t\t\t\t\t\t<span class=\"elementor-icon-list-text\">Dise\u00f1os arquitect\u00f3nicos contempor\u00e1neos y sustentables.<\/span>\n\t\t\t\t\t\t\t\t\t<\/li>\n\t\t\t\t\t\t<\/ul>\n\t\t\t\t\t\t<\/div>\n\t\t\t\t<div class=\"elementor-element elementor-element-752b1114 elementor-align-left elementor-icon-list--layout-traditional elementor-list-item-link-full_width elementor-widget elementor-widget-icon-list\" data-id=\"752b1114\" data-element_type=\"widget\" data-widget_type=\"icon-list.default\">\n\t\t\t\t\t\t\t<ul class=\"elementor-icon-list-items\">\n\t\t\t\t\t\t\t<li class=\"elementor-icon-list-item\">\n\t\t\t\t\t\t\t\t\t\t\t<span class=\"elementor-icon-list-icon\">\n\t\t\t\t\t\t\t<svg aria-hidden=\"true\" class=\"e-font-icon-svg e-fas-circle\" viewBox=\"0 0 512 512\" xmlns=\"http:\/\/www.w3.org\/2000\/svg\"><path d=\"M256 8C119 8 8 119 8 256s111 248 248 248 248-111 248-248S393 8 256 8z\"><\/path><\/svg>\t\t\t\t\t\t<\/span>\n\t\t\t\t\t\t\t\t\t\t<span class=\"elementor-icon-list-text\">Materiales certificados de alta durabilidad y bajo impacto ambiental.<\/span>\n\t\t\t\t\t\t\t\t\t<\/li>\n\t\t\t\t\t\t<\/ul>\n\t\t\t\t\t\t<\/div>\n\t\t\t\t<div class=\"elementor-element elementor-element-4d11ba4e elementor-align-left elementor-icon-list--layout-traditional elementor-list-item-link-full_width elementor-widget elementor-widget-icon-list\" data-id=\"4d11ba4e\" data-element_type=\"widget\" data-widget_type=\"icon-list.default\">\n\t\t\t\t\t\t\t<ul class=\"elementor-icon-list-items\">\n\t\t\t\t\t\t\t<li class=\"elementor-icon-list-item\">\n\t\t\t\t\t\t\t\t\t\t\t<span class=\"elementor-icon-list-icon\">\n\t\t\t\t\t\t\t<svg aria-hidden=\"true\" class=\"e-font-icon-svg e-fas-circle\" viewBox=\"0 0 512 512\" xmlns=\"http:\/\/www.w3.org\/2000\/svg\"><path d=\"M256 8C119 8 8 119 8 256s111 248 248 248 248-111 248-248S393 8 256 8z\"><\/path><\/svg>\t\t\t\t\t\t<\/span>\n\t\t\t\t\t\t\t\t\t\t<span class=\"elementor-icon-list-text\">Cumplimiento de calendario y est\u00e1ndares de calidad.<\/span>\n\t\t\t\t\t\t\t\t\t<\/li>\n\t\t\t\t\t\t<\/ul>\n\t\t\t\t\t\t<\/div>\n\t\t\t\t<div class=\"elementor-element elementor-element-3c63f37d elementor-align-left elementor-icon-list--layout-traditional elementor-list-item-link-full_width elementor-widget elementor-widget-icon-list\" data-id=\"3c63f37d\" data-element_type=\"widget\" data-widget_type=\"icon-list.default\">\n\t\t\t\t\t\t\t<ul class=\"elementor-icon-list-items\">\n\t\t\t\t\t\t\t<li class=\"elementor-icon-list-item\">\n\t\t\t\t\t\t\t\t\t\t\t<span class=\"elementor-icon-list-icon\">\n\t\t\t\t\t\t\t<svg aria-hidden=\"true\" class=\"e-font-icon-svg e-fas-circle\" viewBox=\"0 0 512 512\" xmlns=\"http:\/\/www.w3.org\/2000\/svg\"><path d=\"M256 8C119 8 8 119 8 256s111 248 248 248 248-111 248-248S393 8 256 8z\"><\/path><\/svg>\t\t\t\t\t\t<\/span>\n\t\t\t\t\t\t\t\t\t\t<span class=\"elementor-icon-list-text\">Acabados premium con tecnolog\u00eda dom\u00f3tica y confort t\u00e9rmico.<\/span>\n\t\t\t\t\t\t\t\t\t<\/li>\n\t\t\t\t\t\t<\/ul>\n\t\t\t\t\t\t<\/div>\n\t\t\t\t<div class=\"elementor-element elementor-element-7c07ba8d elementor-align-left elementor-icon-list--layout-traditional elementor-list-item-link-full_width elementor-widget elementor-widget-icon-list\" data-id=\"7c07ba8d\" data-element_type=\"widget\" data-widget_type=\"icon-list.default\">\n\t\t\t\t\t\t\t<ul class=\"elementor-icon-list-items\">\n\t\t\t\t\t\t\t<li class=\"elementor-icon-list-item\">\n\t\t\t\t\t\t\t\t\t\t\t<span class=\"elementor-icon-list-icon\">\n\t\t\t\t\t\t\t<svg aria-hidden=\"true\" class=\"e-font-icon-svg e-fas-circle\" viewBox=\"0 0 512 512\" xmlns=\"http:\/\/www.w3.org\/2000\/svg\"><path d=\"M256 8C119 8 8 119 8 256s111 248 248 248 248-111 248-248S393 8 256 8z\"><\/path><\/svg>\t\t\t\t\t\t<\/span>\n\t\t\t\t\t\t\t\t\t\t<span class=\"elementor-icon-list-text\">Plusval\u00eda garantizada en cada inversi\u00f3n.<\/span>\n\t\t\t\t\t\t\t\t\t<\/li>\n\t\t\t\t\t\t<\/ul>\n\t\t\t\t\t\t<\/div>\n\t\t\t\t<\/div>\n\t\t\t\t<\/div>\n\t\t<div class=\"elementor-element elementor-element-58b27f04 e-con-full e-flex e-con e-parent\" data-id=\"58b27f04\" data-element_type=\"container\">\n\t\t<div class=\"elementor-element elementor-element-4d9f4ca8 e-con-full e-flex e-con e-child\" data-id=\"4d9f4ca8\" data-element_type=\"container\">\n\t\t\t\t<div class=\"elementor-element elementor-element-12d05a3d elementor-widget__width-initial elementor-widget elementor-widget-heading\" data-id=\"12d05a3d\" data-element_type=\"widget\" data-widget_type=\"heading.default\">\n\t\t\t\t\t<h3 class=\"elementor-heading-title elementor-size-default\">Construye tu legado con <b style=\"color:white\">EKHO<\/b><\/h3>\t\t\t\t<\/div>\n\t\t\t\t<\/div>\n\t\t<div class=\"elementor-element elementor-element-640985e3 e-con-full e-flex e-con e-child\" data-id=\"640985e3\" data-element_type=\"container\">\n\t\t\t\t<div class=\"elementor-element elementor-element-1b375ce9 elementor-widget elementor-widget-text-editor\" data-id=\"1b375ce9\" data-element_type=\"widget\" data-widget_type=\"text-editor.default\">\n\t\t\t\t\t\t\t\t\t<p>En <b>EKHO<\/b>, cada proyecto est\u00e1 pensado para que vivas o inviertas en un espacio que trascienda. Creamos inmuebles que combinan dise\u00f1o arquitect\u00f3nico contempor\u00e1neo, acabados premium y principios de sustentabilidad que elevan tu calidad de vida y el valor de tu patrimonio.<\/p>\t\t\t\t\t\t\t\t<\/div>\n\t\t\t\t<div class=\"elementor-element elementor-element-17f8e4b elementor-widget elementor-widget-button\" data-id=\"17f8e4b\" data-element_type=\"widget\" data-widget_type=\"button.default\">\n\t\t\t\t\t\t\t\t\t\t<a class=\"elementor-button elementor-button-link elementor-size-sm\" href=\"#\">\n\t\t\t\t\t\t<span class=\"elementor-button-content-wrapper\">\n\t\t\t\t\t\t\t\t\t<span class=\"elementor-button-text\">Conoce tu pr\u00f3ximo proyecto<\/span>\n\t\t\t\t\t<\/span>\n\t\t\t\t\t<\/a>\n\t\t\t\t\t\t\t\t<\/div>\n\t\t\t\t<\/div>\n\t\t\t\t<\/div>\n\t\t<div class=\"elementor-element elementor-element-73fd917d e-con-full e-flex e-con e-parent\" data-id=\"73fd917d\" data-element_type=\"container\" data-settings=\"{&quot;background_background&quot;:&quot;classic&quot;}\">\n\t\t\t\t<div class=\"elementor-element elementor-element-61148164 elementor-absolute e-transform elementor-view-default elementor-widget elementor-widget-icon\" data-id=\"61148164\" data-element_type=\"widget\" data-settings=\"{&quot;_position&quot;:&quot;absolute&quot;,&quot;_transform_flipX_effect&quot;:&quot;transform&quot;}\" data-widget_type=\"icon.default\">\n\t\t\t\t\t\t\t<div class=\"elementor-icon-wrapper\">\n\t\t\t<div class=\"elementor-icon\">\n\t\t\t<svg xmlns=\"http:\/\/www.w3.org\/2000\/svg\" width=\"806\" height=\"450\" viewBox=\"0 0 806 450\" fill=\"none\"><path id=\"Rectangle 11\" d=\"M0 0L805.5 450H0V0Z\" fill=\"currentColor\"><\/path><\/svg>\t\t\t<\/div>\n\t\t<\/div>\n\t\t\t\t\t\t<\/div>\n\t\t\t\t<div class=\"elementor-element elementor-element-711229f9 elementor-absolute elementor-widget elementor-widget-heading\" data-id=\"711229f9\" data-element_type=\"widget\" data-settings=\"{&quot;_position&quot;:&quot;absolute&quot;}\" data-widget_type=\"heading.default\">\n\t\t\t\t\t<h2 class=\"elementor-heading-title elementor-size-default\">Empresa 73<\/h2>\t\t\t\t<\/div>\n\t\t\t\t<\/div>\n\t\t\t\t<\/div>\n\t\t","protected":false},"excerpt":{"rendered":"<p>Construimos tu pr\u00f3ximo hogar con lujo, dise\u00f1o y responsabilidad ambiental. Empresa 73 En EKHO transformamos espacios en experiencias de alto valor. Desde desarrollos nuevos hasta remodelaciones personalizadas, cada proyecto se dise\u00f1a para maximizar el confort, la est\u00e9tica y la inversi\u00f3n. Descubre m\u00e1s Invierte o vive en un espacio creado para trascender En EKHO construimos m\u00e1s [&hellip;]<\/p>\n","protected":false},"author":1,"featured_media":0,"parent":0,"menu_order":0,"comment_status":"closed","ping_status":"closed","template":"elementor_header_footer","meta":{"footnotes":""},"class_list":["post-20","page","type-page","status-publish","hentry"],"_links":{"self":[{"href":"https:\/\/ekho.leafwiselabs.com\/index.php?rest_route=\/wp\/v2\/pages\/20","targetHints":{"allow":["GET"]}}],"collection":[{"href":"https:\/\/ekho.leafwiselabs.com\/index.php?rest_route=\/wp\/v2\/pages"}],"about":[{"href":"https:\/\/ekho.leafwiselabs.com\/index.php?rest_route=\/wp\/v2\/types\/page"}],"author":[{"embeddable":true,"href":"https:\/\/ekho.leafwiselabs.com\/index.php?rest_route=\/wp\/v2\/users\/1"}],"replies":[{"embeddable":true,"href":"https:\/\/ekho.leafwiselabs.com\/index.php?rest_route=%2Fwp%2Fv2%2Fcomments&post=20"}],"version-history":[{"count":5,"href":"https:\/\/ekho.leafwiselabs.com\/index.php?rest_route=\/wp\/v2\/pages\/20\/revisions"}],"predecessor-version":[{"id":170,"href":"https:\/\/ekho.leafwiselabs.com\/index.php?rest_route=\/wp\/v2\/pages\/20\/revisions\/170"}],"wp:attachment":[{"href":"https:\/\/ekho.leafwiselabs.com\/index.php?rest_route=%2Fwp%2Fv2%2Fmedia&parent=20"}],"curies":[{"name":"wp","href":"https:\/\/api.w.org\/{rel}","templated":true}]}}